{"id":534,"date":"2020-06-19T17:32:53","date_gmt":"2020-06-19T15:32:53","guid":{"rendered":"http:\/\/bungalowparkdekreek.nl\/de\/?page_id=534"},"modified":"2020-06-26T13:32:29","modified_gmt":"2020-06-26T11:32:29","slug":"vijverlaan-41","status":"publish","type":"page","link":"https:\/\/bungalowparkdekreek.nl\/de\/bungalows\/vijverlaan-41\/","title":{"rendered":"Vijverlaan 41 (de luxe)"},"content":{"rendered":"<h2>Information \u00fcber die Einteilung des Bungalows:<\/h2>\n<p>Draussen ein priv\u00e9 Garten mit Sonne und schattige Terrasse, Gartenm\u00f6bel und Gartenh\u00e4uschen. Im Erdgeschoss befindet sich die Wohnzmmer mit Kamin, die offene K\u00fcche mit Backofen, Microwelle, Gefrierschrank und Geschirrsp\u00fcler. Das Badezimmer mit Badewanne (0.90x2M) Toilette befinden sich im Erdgeschoss in einem separaten Raum. Im ersten Stock befinden sich zwei Schlafzimmers davon einen mit 2 Einzelbetten (0.90x2M). Andere mit ein Doppelbett mit 2 Matratze (90x2M). In einem separaten Raum im Ersten Stock befinded sich die Waschmaschine.\u00a0<span style=\"display: inline !important; float: none; background-color: #ffffff; color: #333333; cursor: text; font-family: Georgia,'Times New Roman','Bitstream Charter',Times,serif; font-size: 16px; font-style: normal; font-variant: normal; font-weight: 400; letter-spacing: normal; orphans: 2; text-align: left; text-decoration: none; text-indent: 0px; text-transform: none; -webkit-text-stroke-width: 0px; white-space: normal; word-spacing: 0px;\">Evt. f\u00fcr 5e person (kind) ist ein Klappbett vorhanden.<\/span><\/p>\n<p>Diese Wohnung ist ausgestattet mit Klimaanlage und WiFi.<\/p>\n<p>Der Bungalow ist geeignet f\u00fcr 4 Personen.<\/p>\n<p>Mit ein Wohnraum von 90m2.<\/p>\n<p>Keine Haustiere!<\/p>\n<p>&nbsp;<\/p>\n<p><a class=\"btn\" title=\"Plattegrond Bungalowpark de Kreek\" href=\"http:\/\/bungalowparkdekreek.nl\/wp-content\/uploads\/2020\/06\/Plattegrond-De-Kreek-route-vijverlaan41.pdf\" target=\"_blank\" rel=\"noopener noreferrer\">Download \/ print plattegrond met route (.PDF)\u00a0<\/a><\/p>\n<h2>Bilder<\/h2>\n\n\t\t<style type=\"text\/css\">\n\t\t\t#gallery-1 {\n\t\t\t\tmargin: auto;\n\t\t\t}\n\t\t\t#gallery-1 .gallery-item {\n\t\t\t\tfloat: left;\n\t\t\t\tmargin-top: 10px;\n\t\t\t\ttext-align: center;\n\t\t\t\twidth: 33%;\n\t\t\t}\n\t\t\t#gallery-1 img {\n\t\t\t\tborder: 2px solid #cfcfcf;\n\t\t\t}\n\t\t\t#gallery-1 .gallery-caption {\n\t\t\t\tmargin-left: 0;\n\t\t\t}\n\t\t\t\/* see gallery_shortcode() in wp-includes\/media.php *\/\n\t\t<\/style>\n\t\t<div id='gallery-1' class='gallery galleryid-534 gallery-columns-3 gallery-size-thumbnail'><dl class='gallery-item'>\n\t\t\t<dt class='gallery-icon landscape'>\n\t\t\t\t<a href='https:\/\/bungalowparkdekreek.nl\/de\/bungalows\/vijverlaan-41\/open-woonkamer-2\/'><img width=\"150\" height=\"150\" src=\"https:\/\/bungalowparkdekreek.nl\/wp-content\/uploads\/2020\/06\/Open-woonkamer-e1593108715612-150x150.jpg\" class=\"attachment-thumbnail size-thumbnail\" alt=\"\" loading=\"lazy\" \/><\/a>\n\t\t\t<\/dt><\/dl><dl class='gallery-item'>\n\t\t\t<dt class='gallery-icon landscape'>\n\t\t\t\t<a href='https:\/\/bungalowparkdekreek.nl\/de\/bungalows\/vijverlaan-41\/prive-achtertuin\/'><img width=\"150\" height=\"150\" src=\"https:\/\/bungalowparkdekreek.nl\/wp-content\/uploads\/2020\/06\/Prive-achtertuin-e1593108708632-150x150.jpg\" class=\"attachment-thumbnail size-thumbnail\" alt=\"\" loading=\"lazy\" \/><\/a>\n\t\t\t<\/dt><\/dl><dl class='gallery-item'>\n\t\t\t<dt class='gallery-icon landscape'>\n\t\t\t\t<a href='https:\/\/bungalowparkdekreek.nl\/de\/bungalows\/vijverlaan-41\/slaapkamer-boven-2-2\/'><img width=\"150\" height=\"150\" src=\"https:\/\/bungalowparkdekreek.nl\/wp-content\/uploads\/2020\/06\/Slaapkamer-boven-2-e1593108702550-150x150.jpg\" class=\"attachment-thumbnail size-thumbnail\" alt=\"\" loading=\"lazy\" \/><\/a>\n\t\t\t<\/dt><\/dl><br style=\"clear: both\" \/><dl class='gallery-item'>\n\t\t\t<dt class='gallery-icon landscape'>\n\t\t\t\t<a href='https:\/\/bungalowparkdekreek.nl\/de\/bungalows\/vijverlaan-41\/slaapkamer-boven-3\/'><img width=\"150\" height=\"150\" src=\"https:\/\/bungalowparkdekreek.nl\/wp-content\/uploads\/2020\/06\/Slaapkamer-Boven-3-e1593108696293-150x150.jpg\" class=\"attachment-thumbnail size-thumbnail\" alt=\"\" loading=\"lazy\" \/><\/a>\n\t\t\t<\/dt><\/dl><dl class='gallery-item'>\n\t\t\t<dt class='gallery-icon landscape'>\n\t\t\t\t<a href='https:\/\/bungalowparkdekreek.nl\/de\/bungalows\/vijverlaan-41\/slaapkamer-boven-4\/'><img width=\"150\" height=\"150\" src=\"https:\/\/bungalowparkdekreek.nl\/wp-content\/uploads\/2020\/06\/Slaapkamer-boven-e1593108690148-150x150.jpg\" class=\"attachment-thumbnail size-thumbnail\" alt=\"\" loading=\"lazy\" \/><\/a>\n\t\t\t<\/dt><\/dl><dl class='gallery-item'>\n\t\t\t<dt class='gallery-icon landscape'>\n\t\t\t\t<a href='https:\/\/bungalowparkdekreek.nl\/de\/bungalows\/vijverlaan-41\/slaapkamer-tv-en-airco\/'><img width=\"150\" height=\"150\" src=\"https:\/\/bungalowparkdekreek.nl\/wp-content\/uploads\/2020\/06\/Slaapkamer-TV-en-Airco-e1593108685238-150x150.jpg\" class=\"attachment-thumbnail size-thumbnail\" alt=\"\" loading=\"lazy\" \/><\/a>\n\t\t\t<\/dt><\/dl><br style=\"clear: both\" \/><dl class='gallery-item'>\n\t\t\t<dt class='gallery-icon portrait'>\n\t\t\t\t<a href='https:\/\/bungalowparkdekreek.nl\/de\/bungalows\/vijverlaan-41\/toilet-beneden\/'><img width=\"150\" height=\"150\" src=\"https:\/\/bungalowparkdekreek.nl\/wp-content\/uploads\/2020\/06\/Toilet-beneden-e1593108679282-150x150.jpg\" class=\"attachment-thumbnail size-thumbnail\" alt=\"\" loading=\"lazy\" \/><\/a>\n\t\t\t<\/dt><\/dl><dl class='gallery-item'>\n\t\t\t<dt class='gallery-icon landscape'>\n\t\t\t\t<a href='https:\/\/bungalowparkdekreek.nl\/de\/bungalows\/vijverlaan-41\/tweede-slaapkamer-boven\/'><img width=\"150\" height=\"150\" src=\"https:\/\/bungalowparkdekreek.nl\/wp-content\/uploads\/2020\/06\/tweede-Slaapkamer-boven-e1593108673498-150x150.jpg\" class=\"attachment-thumbnail size-thumbnail\" alt=\"\" loading=\"lazy\" \/><\/a>\n\t\t\t<\/dt><\/dl><dl class='gallery-item'>\n\t\t\t<dt class='gallery-icon landscape'>\n\t\t\t\t<a href='https:\/\/bungalowparkdekreek.nl\/de\/bungalows\/vijverlaan-41\/vijverlaan-41-3\/'><img width=\"150\" height=\"150\" src=\"https:\/\/bungalowparkdekreek.nl\/wp-content\/uploads\/2020\/06\/Vijverlaan-41-1-e1593108667453-150x150.jpg\" class=\"attachment-thumbnail size-thumbnail\" alt=\"\" loading=\"lazy\" \/><\/a>\n\t\t\t<\/dt><\/dl><br style=\"clear: both\" \/><dl class='gallery-item'>\n\t\t\t<dt class='gallery-icon landscape'>\n\t\t\t\t<a href='https:\/\/bungalowparkdekreek.nl\/de\/bungalows\/vijverlaan-41\/vooraanzicht\/'><img width=\"150\" height=\"150\" src=\"https:\/\/bungalowparkdekreek.nl\/wp-content\/uploads\/2020\/06\/Vooraanzicht-e1593526272138-150x150.jpg\" class=\"attachment-thumbnail size-thumbnail\" alt=\"\" loading=\"lazy\" \/><\/a>\n\t\t\t<\/dt><\/dl><dl class='gallery-item'>\n\t\t\t<dt class='gallery-icon portrait'>\n\t\t\t\t<a href='https:\/\/bungalowparkdekreek.nl\/de\/bungalows\/vijverlaan-41\/woonkamer-en-airco\/'><img width=\"150\" height=\"150\" src=\"https:\/\/bungalowparkdekreek.nl\/wp-content\/uploads\/2020\/06\/Woonkamer-en-Airco-e1593108650141-150x150.jpg\" class=\"attachment-thumbnail size-thumbnail\" alt=\"\" loading=\"lazy\" \/><\/a>\n\t\t\t<\/dt><\/dl><dl class='gallery-item'>\n\t\t\t<dt class='gallery-icon landscape'>\n\t\t\t\t<a href='https:\/\/bungalowparkdekreek.nl\/de\/bungalows\/vijverlaan-41\/woonkamer-met-openhaard\/'><img width=\"150\" height=\"150\" src=\"https:\/\/bungalowparkdekreek.nl\/wp-content\/uploads\/2020\/06\/Woonkamer-met-openhaard-e1593108645131-150x150.jpg\" class=\"attachment-thumbnail size-thumbnail\" alt=\"\" loading=\"lazy\" \/><\/a>\n\t\t\t<\/dt><\/dl><br style=\"clear: both\" \/><dl class='gallery-item'>\n\t\t\t<dt class='gallery-icon landscape'>\n\t\t\t\t<a href='https:\/\/bungalowparkdekreek.nl\/de\/bungalows\/vijverlaan-41\/woonkamer-met-uitzicht-in-de-prive-tuin\/'><img width=\"150\" height=\"150\" src=\"https:\/\/bungalowparkdekreek.nl\/wp-content\/uploads\/2020\/06\/Woonkamer-met-uitzicht-in-de-prive-tuin-e1593108638244-150x150.jpg\" class=\"attachment-thumbnail size-thumbnail\" alt=\"\" loading=\"lazy\" \/><\/a>\n\t\t\t<\/dt><\/dl><dl class='gallery-item'>\n\t\t\t<dt class='gallery-icon portrait'>\n\t\t\t\t<a href='https:\/\/bungalowparkdekreek.nl\/de\/bungalows\/vijverlaan-41\/badkamer-met-groot-ligbad\/'><img width=\"150\" height=\"150\" src=\"https:\/\/bungalowparkdekreek.nl\/wp-content\/uploads\/2020\/06\/Badkamer-met-groot-ligbad-e1593108629861-150x150.jpg\" class=\"attachment-thumbnail size-thumbnail\" alt=\"\" loading=\"lazy\" \/><\/a>\n\t\t\t<\/dt><\/dl><dl class='gallery-item'>\n\t\t\t<dt class='gallery-icon portrait'>\n\t\t\t\t<a href='https:\/\/bungalowparkdekreek.nl\/de\/bungalows\/vijverlaan-41\/badkamer-2\/'><img width=\"150\" height=\"150\" src=\"https:\/\/bungalowparkdekreek.nl\/wp-content\/uploads\/2020\/06\/Badkamer-e1593108620837-150x150.jpg\" class=\"attachment-thumbnail size-thumbnail\" alt=\"\" loading=\"lazy\" \/><\/a>\n\t\t\t<\/dt><\/dl><br style=\"clear: both\" \/><dl class='gallery-item'>\n\t\t\t<dt class='gallery-icon portrait'>\n\t\t\t\t<a href='https:\/\/bungalowparkdekreek.nl\/de\/bungalows\/vijverlaan-41\/bijkeuken-met-vaatwasser-en-vriezer\/'><img width=\"150\" height=\"150\" src=\"https:\/\/bungalowparkdekreek.nl\/wp-content\/uploads\/2020\/06\/Bijkeuken-met-vaatwasser-en-vriezer-e1593108615222-150x150.jpg\" class=\"attachment-thumbnail size-thumbnail\" alt=\"\" loading=\"lazy\" \/><\/a>\n\t\t\t<\/dt><\/dl><dl class='gallery-item'>\n\t\t\t<dt class='gallery-icon landscape'>\n\t\t\t\t<a href='https:\/\/bungalowparkdekreek.nl\/de\/bungalows\/vijverlaan-41\/eethoek-keuken\/'><img width=\"150\" height=\"150\" src=\"https:\/\/bungalowparkdekreek.nl\/wp-content\/uploads\/2020\/06\/Eethoek-keuken-e1593108609557-150x150.jpg\" class=\"attachment-thumbnail size-thumbnail\" alt=\"\" loading=\"lazy\" \/><\/a>\n\t\t\t<\/dt><\/dl><dl class='gallery-item'>\n\t\t\t<dt class='gallery-icon portrait'>\n\t\t\t\t<a href='https:\/\/bungalowparkdekreek.nl\/de\/bungalows\/vijverlaan-41\/eethoek\/'><img width=\"150\" height=\"150\" src=\"https:\/\/bungalowparkdekreek.nl\/wp-content\/uploads\/2020\/06\/Eethoek-e1593108602860-150x150.jpg\" class=\"attachment-thumbnail size-thumbnail\" alt=\"\" loading=\"lazy\" \/><\/a>\n\t\t\t<\/dt><\/dl><br style=\"clear: both\" \/><dl class='gallery-item'>\n\t\t\t<dt class='gallery-icon portrait'>\n\t\t\t\t<a href='https:\/\/bungalowparkdekreek.nl\/de\/bungalows\/vijverlaan-41\/keuken-2\/'><img width=\"150\" height=\"150\" src=\"https:\/\/bungalowparkdekreek.nl\/wp-content\/uploads\/2020\/06\/Keuken-e1593108596587-150x150.jpg\" class=\"attachment-thumbnail size-thumbnail\" alt=\"\" loading=\"lazy\" \/><\/a>\n\t\t\t<\/dt><\/dl><dl class='gallery-item'>\n\t\t\t<dt class='gallery-icon portrait'>\n\t\t\t\t<a href='https:\/\/bungalowparkdekreek.nl\/de\/bungalows\/vijverlaan-41\/magnatron-keuken\/'><img width=\"150\" height=\"150\" src=\"https:\/\/bungalowparkdekreek.nl\/wp-content\/uploads\/2020\/06\/Magnatron-keuken-e1593108591224-150x150.jpg\" class=\"attachment-thumbnail size-thumbnail\" alt=\"\" loading=\"lazy\" \/><\/a>\n\t\t\t<\/dt><\/dl>\n\t\t\t<br style='clear: both' \/>\n\t\t<\/div>\n\n<p>&nbsp;<\/p>\n","protected":false},"excerpt":{"rendered":"<p>Information \u00fcber die Einteilung des Bungalows: Draussen ein priv\u00e9 Garten mit Sonne und schattige Terrasse, Gartenm\u00f6bel und Gartenh\u00e4uschen. Im Erdgeschoss befindet sich die Wohnzmmer mit Kamin, die offene K\u00fcche mit Backofen, Microwelle, Gefrierschrank und Geschirrsp\u00fcler. Das Badezimmer mit Badewanne (0.90x2M) Toilette befinden sich im Erdgeschoss in einem separaten Raum. Im ersten Stock befinden sich zwei [&hellip;]<\/p>\n","protected":false},"author":2,"featured_media":0,"parent":181,"menu_order":0,"comment_status":"closed","ping_status":"closed","template":"","meta":{"_monsterinsights_skip_tracking":false,"_monsterinsights_sitenote_active":false,"_monsterinsights_sitenote_note":"","_monsterinsights_sitenote_category":0},"_links":{"self":[{"href":"https:\/\/bungalowparkdekreek.nl\/de\/wp-json\/wp\/v2\/pages\/534"}],"collection":[{"href":"https:\/\/bungalowparkdekreek.nl\/de\/wp-json\/wp\/v2\/pages"}],"about":[{"href":"https:\/\/bungalowparkdekreek.nl\/de\/wp-json\/wp\/v2\/types\/page"}],"author":[{"embeddable":true,"href":"https:\/\/bungalowparkdekreek.nl\/de\/wp-json\/wp\/v2\/users\/2"}],"replies":[{"embeddable":true,"href":"https:\/\/bungalowparkdekreek.nl\/de\/wp-json\/wp\/v2\/comments?post=534"}],"version-history":[{"count":13,"href":"https:\/\/bungalowparkdekreek.nl\/de\/wp-json\/wp\/v2\/pages\/534\/revisions"}],"predecessor-version":[{"id":676,"href":"https:\/\/bungalowparkdekreek.nl\/de\/wp-json\/wp\/v2\/pages\/534\/revisions\/676"}],"up":[{"embeddable":true,"href":"https:\/\/bungalowparkdekreek.nl\/de\/wp-json\/wp\/v2\/pages\/181"}],"wp:attachment":[{"href":"https:\/\/bungalowparkdekreek.nl\/de\/wp-json\/wp\/v2\/media?parent=534"}],"curies":[{"name":"wp","href":"https:\/\/api.w.org\/{rel}","templated":true}]}}