{"id":532,"date":"2020-06-19T17:32:32","date_gmt":"2020-06-19T15:32:32","guid":{"rendered":"http:\/\/bungalowparkdekreek.nl\/de\/?page_id=532"},"modified":"2020-06-26T17:05:46","modified_gmt":"2020-06-26T15:05:46","slug":"fazantendreef-44","status":"publish","type":"page","link":"https:\/\/bungalowparkdekreek.nl\/de\/bungalows\/fazantendreef-44\/","title":{"rendered":"Fazantendreef 44"},"content":{"rendered":"<h2>Information \u00fcber die Einteilung des Bungalows:<\/h2>\n<p>Im Erdgeschoss befindet sich die Terasse, Gartenm\u00f6bel, Gartenh\u00e4uschen, Wohnzimmer mit Kamin, die offene K\u00fcche mit Ofen, ein Schlafzimmer mit Zwei Einzelbetten (0.80x2M) und die Badezimmer mit Douche und Toilette. Auf dem Ersten Stock befindet sich die Zweite Schlafzimmer mit ein Doppelbett (1.40x2M), <span style=\"display: inline !important; float: none; background-color: #ffffff; color: #333333; cursor: text; font-family: Georgia,'Times New Roman','Bitstream Charter',Times,serif; font-size: 16px; font-style: normal; font-variant: normal; font-weight: 400; letter-spacing: normal; orphans: 2; text-align: left; text-decoration: none; text-indent: 0px; text-transform: none; -webkit-text-stroke-width: 0px; white-space: normal; word-spacing: 0px;\">\u00a0<\/span>Evt. f\u00fcr 5e person (kind) ist ein Klappbett vorhanden. Im kleinen Raum befinded sich ein\u00a0 Waschmachine.<\/p>\n<p>der Bungalow ist geeignet fur 4 Personen.<\/p>\n<p>Mit ein Wohnraum von 55m2.<\/p>\n<p>Haustiere auf Anfrage.<\/p>\n<p>&nbsp;<\/p>\n<p><a class=\"btn\" title=\"Plattegrond Bungalowpark de Kreek\" href=\"http:\/\/bungalowparkdekreek.nl\/wp-content\/uploads\/2020\/06\/Plattegrond-De-Kreek-route-fazantendreef44.pdf\" target=\"_blank\" rel=\"noopener noreferrer\">Download \/ print plattegrond met route (.PDF)\u00a0<\/a><\/p>\n<h2>Bilder<\/h2>\n\n\t\t<style type=\"text\/css\">\n\t\t\t#gallery-1 {\n\t\t\t\tmargin: auto;\n\t\t\t}\n\t\t\t#gallery-1 .gallery-item {\n\t\t\t\tfloat: left;\n\t\t\t\tmargin-top: 10px;\n\t\t\t\ttext-align: center;\n\t\t\t\twidth: 33%;\n\t\t\t}\n\t\t\t#gallery-1 img {\n\t\t\t\tborder: 2px solid #cfcfcf;\n\t\t\t}\n\t\t\t#gallery-1 .gallery-caption {\n\t\t\t\tmargin-left: 0;\n\t\t\t}\n\t\t\t\/* see gallery_shortcode() in wp-includes\/media.php *\/\n\t\t<\/style>\n\t\t<div id='gallery-1' class='gallery galleryid-532 gallery-columns-3 gallery-size-thumbnail'><dl class='gallery-item'>\n\t\t\t<dt class='gallery-icon landscape'>\n\t\t\t\t<a href='https:\/\/bungalowparkdekreek.nl\/de\/bungalows\/fazantendreef-44\/woonkamer\/'><img width=\"150\" height=\"150\" src=\"https:\/\/bungalowparkdekreek.nl\/wp-content\/uploads\/2020\/06\/Woonkamer-e1593105444793-150x150.jpeg\" class=\"attachment-thumbnail size-thumbnail\" alt=\"\" loading=\"lazy\" \/><\/a>\n\t\t\t<\/dt><\/dl><dl class='gallery-item'>\n\t\t\t<dt class='gallery-icon portrait'>\n\t\t\t\t<a href='https:\/\/bungalowparkdekreek.nl\/de\/bungalows\/fazantendreef-44\/badkamer\/'><img width=\"150\" height=\"150\" src=\"https:\/\/bungalowparkdekreek.nl\/wp-content\/uploads\/2020\/06\/Badkamer-e1593105438417-150x150.jpeg\" class=\"attachment-thumbnail size-thumbnail\" alt=\"\" loading=\"lazy\" \/><\/a>\n\t\t\t<\/dt><\/dl><dl class='gallery-item'>\n\t\t\t<dt class='gallery-icon landscape'>\n\t\t\t\t<a href='https:\/\/bungalowparkdekreek.nl\/de\/bungalows\/fazantendreef-44\/fazantendreef-44-3\/'><img width=\"150\" height=\"150\" src=\"https:\/\/bungalowparkdekreek.nl\/wp-content\/uploads\/2020\/06\/Fazantendreef-44-e1593105432836-150x150.jpeg\" class=\"attachment-thumbnail size-thumbnail\" alt=\"\" loading=\"lazy\" \/><\/a>\n\t\t\t<\/dt><\/dl><br style=\"clear: both\" \/><dl class='gallery-item'>\n\t\t\t<dt class='gallery-icon landscape'>\n\t\t\t\t<a href='https:\/\/bungalowparkdekreek.nl\/de\/bungalows\/fazantendreef-44\/inbouwhaard\/'><img width=\"150\" height=\"150\" src=\"https:\/\/bungalowparkdekreek.nl\/wp-content\/uploads\/2020\/06\/inbouwhaard-e1593105426459-150x150.jpeg\" class=\"attachment-thumbnail size-thumbnail\" alt=\"\" loading=\"lazy\" \/><\/a>\n\t\t\t<\/dt><\/dl><dl class='gallery-item'>\n\t\t\t<dt class='gallery-icon landscape'>\n\t\t\t\t<a href='https:\/\/bungalowparkdekreek.nl\/de\/bungalows\/fazantendreef-44\/keuken\/'><img width=\"150\" height=\"150\" src=\"https:\/\/bungalowparkdekreek.nl\/wp-content\/uploads\/2020\/06\/keuken-e1593105420535-150x150.jpeg\" class=\"attachment-thumbnail size-thumbnail\" alt=\"\" loading=\"lazy\" \/><\/a>\n\t\t\t<\/dt><\/dl><dl class='gallery-item'>\n\t\t\t<dt class='gallery-icon landscape'>\n\t\t\t\t<a href='https:\/\/bungalowparkdekreek.nl\/de\/bungalows\/fazantendreef-44\/keukentafel\/'><img width=\"150\" height=\"150\" src=\"https:\/\/bungalowparkdekreek.nl\/wp-content\/uploads\/2020\/06\/Keukentafel-e1593105414245-150x150.jpeg\" class=\"attachment-thumbnail size-thumbnail\" alt=\"\" loading=\"lazy\" \/><\/a>\n\t\t\t<\/dt><\/dl><br style=\"clear: both\" \/><dl class='gallery-item'>\n\t\t\t<dt class='gallery-icon landscape'>\n\t\t\t\t<a href='https:\/\/bungalowparkdekreek.nl\/de\/bungalows\/fazantendreef-44\/meubels\/'><img width=\"150\" height=\"150\" src=\"https:\/\/bungalowparkdekreek.nl\/wp-content\/uploads\/2020\/06\/Meubels-e1593105406113-150x150.jpeg\" class=\"attachment-thumbnail size-thumbnail\" alt=\"\" loading=\"lazy\" \/><\/a>\n\t\t\t<\/dt><\/dl><dl class='gallery-item'>\n\t\t\t<dt class='gallery-icon landscape'>\n\t\t\t\t<a href='https:\/\/bungalowparkdekreek.nl\/de\/bungalows\/fazantendreef-44\/open-woonkamer\/'><img width=\"150\" height=\"150\" src=\"https:\/\/bungalowparkdekreek.nl\/wp-content\/uploads\/2020\/06\/Open-woonkamer-e1593105401436-150x150.jpeg\" class=\"attachment-thumbnail size-thumbnail\" alt=\"\" loading=\"lazy\" \/><\/a>\n\t\t\t<\/dt><\/dl><dl class='gallery-item'>\n\t\t\t<dt class='gallery-icon portrait'>\n\t\t\t\t<a href='https:\/\/bungalowparkdekreek.nl\/de\/bungalows\/fazantendreef-44\/slaapkamer-beganegrond-2\/'><img width=\"150\" height=\"150\" src=\"https:\/\/bungalowparkdekreek.nl\/wp-content\/uploads\/2020\/06\/Slaapkamer-beganegrond-2-e1593105394873-150x150.jpeg\" class=\"attachment-thumbnail size-thumbnail\" alt=\"\" loading=\"lazy\" \/><\/a>\n\t\t\t<\/dt><\/dl><br style=\"clear: both\" \/><dl class='gallery-item'>\n\t\t\t<dt class='gallery-icon portrait'>\n\t\t\t\t<a href='https:\/\/bungalowparkdekreek.nl\/de\/bungalows\/fazantendreef-44\/slaapkamer-beganegrond\/'><img width=\"150\" height=\"150\" src=\"https:\/\/bungalowparkdekreek.nl\/wp-content\/uploads\/2020\/06\/Slaapkamer-beganegrond-e1593105389784-150x150.jpeg\" class=\"attachment-thumbnail size-thumbnail\" alt=\"\" loading=\"lazy\" \/><\/a>\n\t\t\t<\/dt><\/dl><dl class='gallery-item'>\n\t\t\t<dt class='gallery-icon landscape'>\n\t\t\t\t<a href='https:\/\/bungalowparkdekreek.nl\/de\/bungalows\/fazantendreef-44\/slaapkamer-boven-2\/'><img width=\"150\" height=\"150\" src=\"https:\/\/bungalowparkdekreek.nl\/wp-content\/uploads\/2020\/06\/Slaapkamer-boven-2-e1593105383601-150x150.jpeg\" class=\"attachment-thumbnail size-thumbnail\" alt=\"\" loading=\"lazy\" \/><\/a>\n\t\t\t<\/dt><\/dl><dl class='gallery-item'>\n\t\t\t<dt class='gallery-icon landscape'>\n\t\t\t\t<a href='https:\/\/bungalowparkdekreek.nl\/de\/bungalows\/fazantendreef-44\/slaapkamer-boven\/'><img width=\"150\" height=\"150\" src=\"https:\/\/bungalowparkdekreek.nl\/wp-content\/uploads\/2020\/06\/Slaapkamer-boven-e1593105377870-150x150.jpeg\" class=\"attachment-thumbnail size-thumbnail\" alt=\"\" loading=\"lazy\" \/><\/a>\n\t\t\t<\/dt><\/dl><br style=\"clear: both\" \/><dl class='gallery-item'>\n\t\t\t<dt class='gallery-icon landscape'>\n\t\t\t\t<a href='https:\/\/bungalowparkdekreek.nl\/de\/bungalows\/fazantendreef-44\/terras\/'><img width=\"150\" height=\"150\" src=\"https:\/\/bungalowparkdekreek.nl\/wp-content\/uploads\/2020\/06\/Terras-e1593105369398-150x150.jpeg\" class=\"attachment-thumbnail size-thumbnail\" alt=\"\" loading=\"lazy\" \/><\/a>\n\t\t\t<\/dt><\/dl><dl class='gallery-item'>\n\t\t\t<dt class='gallery-icon landscape'>\n\t\t\t\t<a href='https:\/\/bungalowparkdekreek.nl\/de\/bungalows\/fazantendreef-44\/tuinhuisje\/'><img width=\"150\" height=\"150\" src=\"https:\/\/bungalowparkdekreek.nl\/wp-content\/uploads\/2020\/06\/tuinhuisje-e1593105363655-150x150.jpeg\" class=\"attachment-thumbnail size-thumbnail\" alt=\"\" loading=\"lazy\" \/><\/a>\n\t\t\t<\/dt><\/dl><dl class='gallery-item'>\n\t\t\t<dt class='gallery-icon landscape'>\n\t\t\t\t<a href='https:\/\/bungalowparkdekreek.nl\/de\/bungalows\/fazantendreef-44\/uitzicht-terras\/'><img width=\"150\" height=\"150\" src=\"https:\/\/bungalowparkdekreek.nl\/wp-content\/uploads\/2020\/06\/uitzicht-terras-e1593105356958-150x150.jpeg\" class=\"attachment-thumbnail size-thumbnail\" alt=\"\" loading=\"lazy\" \/><\/a>\n\t\t\t<\/dt><\/dl><br style=\"clear: both\" \/><dl class='gallery-item'>\n\t\t\t<dt class='gallery-icon landscape'>\n\t\t\t\t<a href='https:\/\/bungalowparkdekreek.nl\/de\/bungalows\/fazantendreef-44\/voorzijde-tuin\/'><img width=\"150\" height=\"150\" src=\"https:\/\/bungalowparkdekreek.nl\/wp-content\/uploads\/2020\/06\/Voorzijde-tuin-e1593105350925-150x150.jpeg\" class=\"attachment-thumbnail size-thumbnail\" alt=\"\" loading=\"lazy\" \/><\/a>\n\t\t\t<\/dt><\/dl><dl class='gallery-item'>\n\t\t\t<dt class='gallery-icon portrait'>\n\t\t\t\t<a href='https:\/\/bungalowparkdekreek.nl\/de\/bungalows\/fazantendreef-44\/voorzijde\/'><img width=\"150\" height=\"150\" src=\"https:\/\/bungalowparkdekreek.nl\/wp-content\/uploads\/2020\/06\/Voorzijde-e1593526153655-150x150.jpeg\" class=\"attachment-thumbnail size-thumbnail\" alt=\"\" loading=\"lazy\" \/><\/a>\n\t\t\t<\/dt><\/dl><dl class='gallery-item'>\n\t\t\t<dt class='gallery-icon portrait'>\n\t\t\t\t<a href='https:\/\/bungalowparkdekreek.nl\/de\/bungalows\/fazantendreef-44\/wasmachine-ruimte\/'><img width=\"150\" height=\"150\" src=\"https:\/\/bungalowparkdekreek.nl\/wp-content\/uploads\/2020\/06\/Wasmachine-ruimte-e1593105478759-150x150.jpeg\" class=\"attachment-thumbnail size-thumbnail\" alt=\"\" loading=\"lazy\" \/><\/a>\n\t\t\t<\/dt><\/dl><br style=\"clear: both\" \/>\n\t\t<\/div>\n\n<p>&nbsp;<\/p>\n<p>&nbsp;<\/p>\n","protected":false},"excerpt":{"rendered":"<p>Information \u00fcber die Einteilung des Bungalows: Im Erdgeschoss befindet sich die Terasse, Gartenm\u00f6bel, Gartenh\u00e4uschen, Wohnzimmer mit Kamin, die offene K\u00fcche mit Ofen, ein Schlafzimmer mit Zwei Einzelbetten (0.80x2M) und die Badezimmer mit Douche und Toilette. Auf dem Ersten Stock befindet sich die Zweite Schlafzimmer mit ein Doppelbett (1.40x2M), \u00a0Evt. f\u00fcr 5e person (kind) ist ein [&hellip;]<\/p>\n","protected":false},"author":2,"featured_media":0,"parent":181,"menu_order":0,"comment_status":"closed","ping_status":"closed","template":"","meta":{"_monsterinsights_skip_tracking":false,"_monsterinsights_sitenote_active":false,"_monsterinsights_sitenote_note":"","_monsterinsights_sitenote_category":0},"_links":{"self":[{"href":"https:\/\/bungalowparkdekreek.nl\/de\/wp-json\/wp\/v2\/pages\/532"}],"collection":[{"href":"https:\/\/bungalowparkdekreek.nl\/de\/wp-json\/wp\/v2\/pages"}],"about":[{"href":"https:\/\/bungalowparkdekreek.nl\/de\/wp-json\/wp\/v2\/types\/page"}],"author":[{"embeddable":true,"href":"https:\/\/bungalowparkdekreek.nl\/de\/wp-json\/wp\/v2\/users\/2"}],"replies":[{"embeddable":true,"href":"https:\/\/bungalowparkdekreek.nl\/de\/wp-json\/wp\/v2\/comments?post=532"}],"version-history":[{"count":13,"href":"https:\/\/bungalowparkdekreek.nl\/de\/wp-json\/wp\/v2\/pages\/532\/revisions"}],"predecessor-version":[{"id":682,"href":"https:\/\/bungalowparkdekreek.nl\/de\/wp-json\/wp\/v2\/pages\/532\/revisions\/682"}],"up":[{"embeddable":true,"href":"https:\/\/bungalowparkdekreek.nl\/de\/wp-json\/wp\/v2\/pages\/181"}],"wp:attachment":[{"href":"https:\/\/bungalowparkdekreek.nl\/de\/wp-json\/wp\/v2\/media?parent=532"}],"curies":[{"name":"wp","href":"https:\/\/api.w.org\/{rel}","templated":true}]}}