{"id":195,"date":"2014-06-20T08:37:45","date_gmt":"2014-06-20T06:37:45","guid":{"rendered":"http:\/\/bungalowparkdekreek.nl\/dev\/?page_id=195"},"modified":"2025-09-10T09:49:51","modified_gmt":"2025-09-10T07:49:51","slug":"weingut-de-kleine-schorre","status":"publish","type":"page","link":"https:\/\/bungalowparkdekreek.nl\/de\/umgebung\/weingut-de-kleine-schorre\/","title":{"rendered":"Weingut De Kleine Schorre"},"content":{"rendered":"<p><img loading=\"lazy\" class=\"alignright size-medium wp-image-123\" src=\"http:\/\/bungalowparkdekreek.nl\/wp-content\/uploads\/2014\/06\/wijnhoeve-de-kleine-schorre-schouwen-duiveland-300x188.jpg\" alt=\"WIjnhoeve de Kleine Schorre Schouwen-Duiveland\" width=\"300\" height=\"188\" srcset=\"https:\/\/bungalowparkdekreek.nl\/wp-content\/uploads\/2014\/06\/wijnhoeve-de-kleine-schorre-schouwen-duiveland-300x188.jpg 300w, https:\/\/bungalowparkdekreek.nl\/wp-content\/uploads\/2014\/06\/wijnhoeve-de-kleine-schorre-schouwen-duiveland.jpg 502w\" sizes=\"(max-width: 300px) 100vw, 300px\" \/>In de buurt van Bungalowpark de Kreek ligt Wijnhoeve de Kleine Schorre.\u00a0De wijngaard is uitgegroeid tot 10 ha en is daarmee \u00e9\u00e9n van de grootste wijngaarden van Nederland. In de schuur van de Wijnhoeve zijn de kelder \u00e9n het proefdomein ondergebracht. Wanneer het tijd is voor de oogst, is de wijnhoeve aangewezen op vrijwilligers om de druiven te plukken. Deze worden met de grootste zorg verwerkt in de \u2018kelder\u2019 op het terrein.<\/p>\n<p>Altijd al meer willen weten over het bottelingsproces van de wijn, het groeiproces van de druif of wilt u gewoon lekkere wijn proeven? Bij Wijnhoeve De Kleine Schorre kunt u al uw vragen kwijt over wijnen en natuurlijk uitgebreid de wijnen proberen. Vanaf 15 Mei t\/m 15 September is er iedere woensdagmiddag om 15.00 uur en donderdagochtend om 11.00 uur een Rondleiding, hiervoor kunt u een kaartje kopen in onze boerderij winkel of VVV Ouddorp (0187 \u2013 681789) of VVV Schouwen-Duiveland (0900 \u2013 2020233).<\/p>\n<p>Meer informatie over de wijnhoeve vindt je op: <a title=\"Wijnhoeve de Kleine Schorre\" href=\"http:\/\/www.dekleineschorre.nl\" target=\"_blank\" rel=\"noopener\">www.dekleineschorre.nl<\/a><\/p>\n","protected":false},"excerpt":{"rendered":"<p>In de buurt van Bungalowpark de Kreek ligt Wijnhoeve de Kleine Schorre.\u00a0De wijngaard is uitgegroeid tot 10 ha en is daarmee \u00e9\u00e9n van de grootste wijngaarden van Nederland. In de schuur van de Wijnhoeve zijn de kelder \u00e9n het proefdomein ondergebracht. Wanneer het tijd is voor de oogst, is de wijnhoeve aangewezen op vrijwilligers om [&hellip;]<\/p>\n","protected":false},"author":2,"featured_media":0,"parent":89,"menu_order":0,"comment_status":"closed","ping_status":"closed","template":"","meta":{"_monsterinsights_skip_tracking":false,"_monsterinsights_sitenote_active":false,"_monsterinsights_sitenote_note":"","_monsterinsights_sitenote_category":0},"_links":{"self":[{"href":"https:\/\/bungalowparkdekreek.nl\/de\/wp-json\/wp\/v2\/pages\/195"}],"collection":[{"href":"https:\/\/bungalowparkdekreek.nl\/de\/wp-json\/wp\/v2\/pages"}],"about":[{"href":"https:\/\/bungalowparkdekreek.nl\/de\/wp-json\/wp\/v2\/types\/page"}],"author":[{"embeddable":true,"href":"https:\/\/bungalowparkdekreek.nl\/de\/wp-json\/wp\/v2\/users\/2"}],"replies":[{"embeddable":true,"href":"https:\/\/bungalowparkdekreek.nl\/de\/wp-json\/wp\/v2\/comments?post=195"}],"version-history":[{"count":3,"href":"https:\/\/bungalowparkdekreek.nl\/de\/wp-json\/wp\/v2\/pages\/195\/revisions"}],"predecessor-version":[{"id":787,"href":"https:\/\/bungalowparkdekreek.nl\/de\/wp-json\/wp\/v2\/pages\/195\/revisions\/787"}],"up":[{"embeddable":true,"href":"https:\/\/bungalowparkdekreek.nl\/de\/wp-json\/wp\/v2\/pages\/89"}],"wp:attachment":[{"href":"https:\/\/bungalowparkdekreek.nl\/de\/wp-json\/wp\/v2\/media?parent=195"}],"curies":[{"name":"wp","href":"https:\/\/api.w.org\/{rel}","templated":true}]}}