{"id":189,"date":"2014-06-20T08:35:38","date_gmt":"2014-06-20T06:35:38","guid":{"rendered":"http:\/\/bungalowparkdekreek.nl\/dev\/?page_id=189"},"modified":"2020-10-01T13:32:42","modified_gmt":"2020-10-01T11:32:42","slug":"vijverlaan-34","status":"publish","type":"page","link":"https:\/\/bungalowparkdekreek.nl\/de\/bungalows\/vijverlaan-34\/","title":{"rendered":"Vijverlaan 34"},"content":{"rendered":"<h2>Information \u00fcber die Einteilung des Bungalows:<\/h2>\n<p>Auf dem Grundst\u00fcck befindet sich eine Terrasse, ein Gartenh\u00e4uschen. Gartenm\u00f6bel sind vorhanden. Erdgeschoss: Wohnzimmer mit offener K\u00fcche (mit Backofen), Badezimmer mit Dusche und Toilette sowie ein Schlafzimmer mit 2 Einzelbetten. Auf der 1. Etage befindet sich das 2.Schlafzimmer mit 2 Einzelbetten. \u00a0In einer kleinen Raum ist eine Waschmaschine vorhanden. Evt. f\u00fcr 5e person (kind) ist ein Klappbett vorhanden.<\/p>\n<p>Der Bungalow ist geeignet f\u00fcr 4 personen<\/p>\n<p>Die Wohnfl\u00e4che betr\u00e4gt 55m2<\/p>\n<p>Haustiere auf Anfrage !<\/p>\n<p><a class=\"btn\" title=\"Plattegrond Bungalowpark de Kreek\" href=\"http:\/\/bungalowparkdekreek.nl\/wp-content\/uploads\/2020\/10\/Plattegrond-De-Kreek-vijverlaan-34-2020.pdf\" target=\"_blank\" rel=\"noopener noreferrer\">Download \/ print plattegrond met route (.PDF)\u00a0<\/a><\/p>\n<h2>Bilder<\/h2>\n\n\t\t<style type=\"text\/css\">\n\t\t\t#gallery-1 {\n\t\t\t\tmargin: auto;\n\t\t\t}\n\t\t\t#gallery-1 .gallery-item {\n\t\t\t\tfloat: left;\n\t\t\t\tmargin-top: 10px;\n\t\t\t\ttext-align: center;\n\t\t\t\twidth: 33%;\n\t\t\t}\n\t\t\t#gallery-1 img {\n\t\t\t\tborder: 2px solid #cfcfcf;\n\t\t\t}\n\t\t\t#gallery-1 .gallery-caption {\n\t\t\t\tmargin-left: 0;\n\t\t\t}\n\t\t\t\/* see gallery_shortcode() in wp-includes\/media.php *\/\n\t\t<\/style>\n\t\t<div id='gallery-1' class='gallery galleryid-189 gallery-columns-3 gallery-size-thumbnail'><dl class='gallery-item'>\n\t\t\t<dt class='gallery-icon portrait'>\n\t\t\t\t<a href='https:\/\/bungalowparkdekreek.nl\/de\/huisjes\/huisje-2\/bungalow_vijverlaan_34_woonkamer_2-2\/'><img width=\"150\" height=\"150\" src=\"https:\/\/bungalowparkdekreek.nl\/wp-content\/uploads\/2020\/06\/bungalow_vijverlaan_34_Woonkamer_2-1-150x150.jpg\" class=\"attachment-thumbnail size-thumbnail\" alt=\"\" loading=\"lazy\" srcset=\"https:\/\/bungalowparkdekreek.nl\/wp-content\/uploads\/2020\/06\/bungalow_vijverlaan_34_Woonkamer_2-1-150x150.jpg 150w, https:\/\/bungalowparkdekreek.nl\/wp-content\/uploads\/2020\/06\/bungalow_vijverlaan_34_Woonkamer_2-1-768x768.jpg 768w\" sizes=\"(max-width: 150px) 100vw, 150px\" \/><\/a>\n\t\t\t<\/dt><\/dl><dl class='gallery-item'>\n\t\t\t<dt class='gallery-icon portrait'>\n\t\t\t\t<a href='https:\/\/bungalowparkdekreek.nl\/de\/huisjes\/huisje-2\/bungalow_vijverlaan_34_woonkamer-2\/'><img width=\"150\" height=\"150\" src=\"https:\/\/bungalowparkdekreek.nl\/wp-content\/uploads\/2020\/06\/bungalow_vijverlaan_34_Woonkamer-1-150x150.jpg\" class=\"attachment-thumbnail size-thumbnail\" alt=\"\" loading=\"lazy\" srcset=\"https:\/\/bungalowparkdekreek.nl\/wp-content\/uploads\/2020\/06\/bungalow_vijverlaan_34_Woonkamer-1-150x150.jpg 150w, https:\/\/bungalowparkdekreek.nl\/wp-content\/uploads\/2020\/06\/bungalow_vijverlaan_34_Woonkamer-1-768x768.jpg 768w\" sizes=\"(max-width: 150px) 100vw, 150px\" \/><\/a>\n\t\t\t<\/dt><\/dl><dl class='gallery-item'>\n\t\t\t<dt class='gallery-icon portrait'>\n\t\t\t\t<a href='https:\/\/bungalowparkdekreek.nl\/de\/huisjes\/huisje-2\/bungalow_vijverlaan_34-wasmachine-ruimte-2\/'><img width=\"150\" height=\"150\" src=\"https:\/\/bungalowparkdekreek.nl\/wp-content\/uploads\/2020\/06\/bungalow_vijverlaan_34-Wasmachine-ruimte-1-150x150.jpg\" class=\"attachment-thumbnail size-thumbnail\" alt=\"\" loading=\"lazy\" srcset=\"https:\/\/bungalowparkdekreek.nl\/wp-content\/uploads\/2020\/06\/bungalow_vijverlaan_34-Wasmachine-ruimte-1-150x150.jpg 150w, https:\/\/bungalowparkdekreek.nl\/wp-content\/uploads\/2020\/06\/bungalow_vijverlaan_34-Wasmachine-ruimte-1-768x768.jpg 768w\" sizes=\"(max-width: 150px) 100vw, 150px\" \/><\/a>\n\t\t\t<\/dt><\/dl><br style=\"clear: both\" \/><dl class='gallery-item'>\n\t\t\t<dt class='gallery-icon portrait'>\n\t\t\t\t<a href='https:\/\/bungalowparkdekreek.nl\/de\/huisjes\/huisje-2\/bungalow_vijverlaan_34_badkamer-2\/'><img width=\"150\" height=\"150\" src=\"https:\/\/bungalowparkdekreek.nl\/wp-content\/uploads\/2020\/06\/bungalow_vijverlaan_34_Badkamer-1-150x150.jpg\" class=\"attachment-thumbnail size-thumbnail\" alt=\"\" loading=\"lazy\" srcset=\"https:\/\/bungalowparkdekreek.nl\/wp-content\/uploads\/2020\/06\/bungalow_vijverlaan_34_Badkamer-1-150x150.jpg 150w, https:\/\/bungalowparkdekreek.nl\/wp-content\/uploads\/2020\/06\/bungalow_vijverlaan_34_Badkamer-1-768x768.jpg 768w\" sizes=\"(max-width: 150px) 100vw, 150px\" \/><\/a>\n\t\t\t<\/dt><\/dl><dl class='gallery-item'>\n\t\t\t<dt class='gallery-icon portrait'>\n\t\t\t\t<a href='https:\/\/bungalowparkdekreek.nl\/de\/huisjes\/huisje-2\/bungalow_vijverlaan_34_eethoek-2\/'><img width=\"150\" height=\"150\" src=\"https:\/\/bungalowparkdekreek.nl\/wp-content\/uploads\/2020\/06\/bungalow_vijverlaan_34_Eethoek-1-150x150.jpg\" class=\"attachment-thumbnail size-thumbnail\" alt=\"\" loading=\"lazy\" srcset=\"https:\/\/bungalowparkdekreek.nl\/wp-content\/uploads\/2020\/06\/bungalow_vijverlaan_34_Eethoek-1-150x150.jpg 150w, https:\/\/bungalowparkdekreek.nl\/wp-content\/uploads\/2020\/06\/bungalow_vijverlaan_34_Eethoek-1-768x768.jpg 768w\" sizes=\"(max-width: 150px) 100vw, 150px\" \/><\/a>\n\t\t\t<\/dt><\/dl><dl class='gallery-item'>\n\t\t\t<dt class='gallery-icon portrait'>\n\t\t\t\t<a href='https:\/\/bungalowparkdekreek.nl\/de\/huisjes\/huisje-2\/bungalow_vijverlaan_34_keuken-2\/'><img width=\"150\" height=\"150\" src=\"https:\/\/bungalowparkdekreek.nl\/wp-content\/uploads\/2020\/06\/bungalow_vijverlaan_34_Keuken-1-150x150.jpg\" class=\"attachment-thumbnail size-thumbnail\" alt=\"\" loading=\"lazy\" srcset=\"https:\/\/bungalowparkdekreek.nl\/wp-content\/uploads\/2020\/06\/bungalow_vijverlaan_34_Keuken-1-150x150.jpg 150w, https:\/\/bungalowparkdekreek.nl\/wp-content\/uploads\/2020\/06\/bungalow_vijverlaan_34_Keuken-1-768x768.jpg 768w\" sizes=\"(max-width: 150px) 100vw, 150px\" \/><\/a>\n\t\t\t<\/dt><\/dl><br style=\"clear: both\" \/><dl class='gallery-item'>\n\t\t\t<dt class='gallery-icon portrait'>\n\t\t\t\t<a href='https:\/\/bungalowparkdekreek.nl\/de\/huisjes\/huisje-2\/bungalow_vijverlaan_34_open-keuken-2\/'><img width=\"150\" height=\"150\" src=\"https:\/\/bungalowparkdekreek.nl\/wp-content\/uploads\/2020\/06\/bungalow_vijverlaan_34_Open-keuken-1-150x150.jpg\" class=\"attachment-thumbnail size-thumbnail\" alt=\"\" loading=\"lazy\" srcset=\"https:\/\/bungalowparkdekreek.nl\/wp-content\/uploads\/2020\/06\/bungalow_vijverlaan_34_Open-keuken-1-150x150.jpg 150w, https:\/\/bungalowparkdekreek.nl\/wp-content\/uploads\/2020\/06\/bungalow_vijverlaan_34_Open-keuken-1-768x768.jpg 768w\" sizes=\"(max-width: 150px) 100vw, 150px\" \/><\/a>\n\t\t\t<\/dt><\/dl><dl class='gallery-item'>\n\t\t\t<dt class='gallery-icon portrait'>\n\t\t\t\t<a href='https:\/\/bungalowparkdekreek.nl\/de\/huisjes\/huisje-2\/bungalow_vijverlaan_34_slaapkamer-beneden-2\/'><img width=\"150\" height=\"150\" src=\"https:\/\/bungalowparkdekreek.nl\/wp-content\/uploads\/2020\/06\/bungalow_vijverlaan_34_Slaapkamer-beneden-1-150x150.jpg\" class=\"attachment-thumbnail size-thumbnail\" alt=\"\" loading=\"lazy\" srcset=\"https:\/\/bungalowparkdekreek.nl\/wp-content\/uploads\/2020\/06\/bungalow_vijverlaan_34_Slaapkamer-beneden-1-150x150.jpg 150w, https:\/\/bungalowparkdekreek.nl\/wp-content\/uploads\/2020\/06\/bungalow_vijverlaan_34_Slaapkamer-beneden-1-768x768.jpg 768w\" sizes=\"(max-width: 150px) 100vw, 150px\" \/><\/a>\n\t\t\t<\/dt><\/dl><dl class='gallery-item'>\n\t\t\t<dt class='gallery-icon portrait'>\n\t\t\t\t<a href='https:\/\/bungalowparkdekreek.nl\/de\/huisjes\/huisje-2\/bungalow_vijverlaan_34_slaapkamer-boven_2-2\/'><img width=\"150\" height=\"150\" src=\"https:\/\/bungalowparkdekreek.nl\/wp-content\/uploads\/2020\/06\/bungalow_vijverlaan_34_Slaapkamer-boven_2-1-150x150.jpg\" class=\"attachment-thumbnail size-thumbnail\" alt=\"\" loading=\"lazy\" srcset=\"https:\/\/bungalowparkdekreek.nl\/wp-content\/uploads\/2020\/06\/bungalow_vijverlaan_34_Slaapkamer-boven_2-1-150x150.jpg 150w, https:\/\/bungalowparkdekreek.nl\/wp-content\/uploads\/2020\/06\/bungalow_vijverlaan_34_Slaapkamer-boven_2-1-768x768.jpg 768w\" sizes=\"(max-width: 150px) 100vw, 150px\" \/><\/a>\n\t\t\t<\/dt><\/dl><br style=\"clear: both\" \/><dl class='gallery-item'>\n\t\t\t<dt class='gallery-icon portrait'>\n\t\t\t\t<a href='https:\/\/bungalowparkdekreek.nl\/de\/huisjes\/huisje-2\/bungalow_vijverlaan_34_slaapkamer-boven-2\/'><img width=\"150\" height=\"150\" src=\"https:\/\/bungalowparkdekreek.nl\/wp-content\/uploads\/2020\/06\/bungalow_vijverlaan_34_Slaapkamer-boven-1-150x150.jpg\" class=\"attachment-thumbnail size-thumbnail\" alt=\"\" loading=\"lazy\" srcset=\"https:\/\/bungalowparkdekreek.nl\/wp-content\/uploads\/2020\/06\/bungalow_vijverlaan_34_Slaapkamer-boven-1-150x150.jpg 150w, https:\/\/bungalowparkdekreek.nl\/wp-content\/uploads\/2020\/06\/bungalow_vijverlaan_34_Slaapkamer-boven-1-768x768.jpg 768w\" sizes=\"(max-width: 150px) 100vw, 150px\" \/><\/a>\n\t\t\t<\/dt><\/dl><dl class='gallery-item'>\n\t\t\t<dt class='gallery-icon portrait'>\n\t\t\t\t<a href='https:\/\/bungalowparkdekreek.nl\/de\/huisjes\/huisje-2\/bungalow_vijverlaan_34_terras-met-hekwerk-2\/'><img width=\"150\" height=\"150\" src=\"https:\/\/bungalowparkdekreek.nl\/wp-content\/uploads\/2020\/06\/bungalow_vijverlaan_34_Terras-met-hekwerk-1-150x150.jpg\" class=\"attachment-thumbnail size-thumbnail\" alt=\"\" loading=\"lazy\" srcset=\"https:\/\/bungalowparkdekreek.nl\/wp-content\/uploads\/2020\/06\/bungalow_vijverlaan_34_Terras-met-hekwerk-1-150x150.jpg 150w, https:\/\/bungalowparkdekreek.nl\/wp-content\/uploads\/2020\/06\/bungalow_vijverlaan_34_Terras-met-hekwerk-1-768x768.jpg 768w\" sizes=\"(max-width: 150px) 100vw, 150px\" \/><\/a>\n\t\t\t<\/dt><\/dl><dl class='gallery-item'>\n\t\t\t<dt class='gallery-icon portrait'>\n\t\t\t\t<a href='https:\/\/bungalowparkdekreek.nl\/de\/huisjes\/huisje-2\/bungalow_vijverlaan_34_terras-2\/'><img width=\"150\" height=\"150\" src=\"https:\/\/bungalowparkdekreek.nl\/wp-content\/uploads\/2020\/06\/bungalow_vijverlaan_34_Terras-1-150x150.jpg\" class=\"attachment-thumbnail size-thumbnail\" alt=\"\" loading=\"lazy\" srcset=\"https:\/\/bungalowparkdekreek.nl\/wp-content\/uploads\/2020\/06\/bungalow_vijverlaan_34_Terras-1-150x150.jpg 150w, https:\/\/bungalowparkdekreek.nl\/wp-content\/uploads\/2020\/06\/bungalow_vijverlaan_34_Terras-1-768x768.jpg 768w\" sizes=\"(max-width: 150px) 100vw, 150px\" \/><\/a>\n\t\t\t<\/dt><\/dl><br style=\"clear: both\" \/><dl class='gallery-item'>\n\t\t\t<dt class='gallery-icon portrait'>\n\t\t\t\t<a href='https:\/\/bungalowparkdekreek.nl\/de\/huisjes\/huisje-2\/bungalow_vijverlaan_34_trap-vanuit-woonkamer-2\/'><img width=\"150\" height=\"150\" src=\"https:\/\/bungalowparkdekreek.nl\/wp-content\/uploads\/2020\/06\/bungalow_vijverlaan_34_Trap-vanuit-woonkamer-1-150x150.jpg\" class=\"attachment-thumbnail size-thumbnail\" alt=\"\" loading=\"lazy\" srcset=\"https:\/\/bungalowparkdekreek.nl\/wp-content\/uploads\/2020\/06\/bungalow_vijverlaan_34_Trap-vanuit-woonkamer-1-150x150.jpg 150w, https:\/\/bungalowparkdekreek.nl\/wp-content\/uploads\/2020\/06\/bungalow_vijverlaan_34_Trap-vanuit-woonkamer-1-768x768.jpg 768w\" sizes=\"(max-width: 150px) 100vw, 150px\" \/><\/a>\n\t\t\t<\/dt><\/dl><dl class='gallery-item'>\n\t\t\t<dt class='gallery-icon portrait'>\n\t\t\t\t<a href='https:\/\/bungalowparkdekreek.nl\/de\/huisjes\/huisje-2\/bungalow_vijverlaan_34_vijverlaan-34-voorzijde-2\/'><img width=\"150\" height=\"150\" src=\"https:\/\/bungalowparkdekreek.nl\/wp-content\/uploads\/2020\/06\/bungalow_vijverlaan_34_Vijverlaan-34-voorzijde-1-150x150.jpg\" class=\"attachment-thumbnail size-thumbnail\" alt=\"\" loading=\"lazy\" srcset=\"https:\/\/bungalowparkdekreek.nl\/wp-content\/uploads\/2020\/06\/bungalow_vijverlaan_34_Vijverlaan-34-voorzijde-1-150x150.jpg 150w, https:\/\/bungalowparkdekreek.nl\/wp-content\/uploads\/2020\/06\/bungalow_vijverlaan_34_Vijverlaan-34-voorzijde-1-768x768.jpg 768w\" sizes=\"(max-width: 150px) 100vw, 150px\" \/><\/a>\n\t\t\t<\/dt><\/dl><dl class='gallery-item'>\n\t\t\t<dt class='gallery-icon portrait'>\n\t\t\t\t<a href='https:\/\/bungalowparkdekreek.nl\/de\/huisjes\/huisje-2\/bungalow_vijverlaan_34-2\/'><img width=\"150\" height=\"150\" src=\"https:\/\/bungalowparkdekreek.nl\/wp-content\/uploads\/2020\/06\/bungalow_vijverlaan_34-1-150x150.jpg\" class=\"attachment-thumbnail size-thumbnail\" alt=\"\" loading=\"lazy\" srcset=\"https:\/\/bungalowparkdekreek.nl\/wp-content\/uploads\/2020\/06\/bungalow_vijverlaan_34-1-150x150.jpg 150w, https:\/\/bungalowparkdekreek.nl\/wp-content\/uploads\/2020\/06\/bungalow_vijverlaan_34-1-768x768.jpg 768w\" sizes=\"(max-width: 150px) 100vw, 150px\" \/><\/a>\n\t\t\t<\/dt><\/dl><br style=\"clear: both\" \/>\n\t\t<\/div>\n\n","protected":false},"excerpt":{"rendered":"<p>Information \u00fcber die Einteilung des Bungalows: Auf dem Grundst\u00fcck befindet sich eine Terrasse, ein Gartenh\u00e4uschen. Gartenm\u00f6bel sind vorhanden. Erdgeschoss: Wohnzimmer mit offener K\u00fcche (mit Backofen), Badezimmer mit Dusche und Toilette sowie ein Schlafzimmer mit 2 Einzelbetten. Auf der 1. Etage befindet sich das 2.Schlafzimmer mit 2 Einzelbetten. \u00a0In einer kleinen Raum ist eine Waschmaschine vorhanden. [&hellip;]<\/p>\n","protected":false},"author":2,"featured_media":0,"parent":181,"menu_order":0,"comment_status":"closed","ping_status":"closed","template":"","meta":{"_monsterinsights_skip_tracking":false,"_monsterinsights_sitenote_active":false,"_monsterinsights_sitenote_note":"","_monsterinsights_sitenote_category":0},"_links":{"self":[{"href":"https:\/\/bungalowparkdekreek.nl\/de\/wp-json\/wp\/v2\/pages\/189"}],"collection":[{"href":"https:\/\/bungalowparkdekreek.nl\/de\/wp-json\/wp\/v2\/pages"}],"about":[{"href":"https:\/\/bungalowparkdekreek.nl\/de\/wp-json\/wp\/v2\/types\/page"}],"author":[{"embeddable":true,"href":"https:\/\/bungalowparkdekreek.nl\/de\/wp-json\/wp\/v2\/users\/2"}],"replies":[{"embeddable":true,"href":"https:\/\/bungalowparkdekreek.nl\/de\/wp-json\/wp\/v2\/comments?post=189"}],"version-history":[{"count":11,"href":"https:\/\/bungalowparkdekreek.nl\/de\/wp-json\/wp\/v2\/pages\/189\/revisions"}],"predecessor-version":[{"id":694,"href":"https:\/\/bungalowparkdekreek.nl\/de\/wp-json\/wp\/v2\/pages\/189\/revisions\/694"}],"up":[{"embeddable":true,"href":"https:\/\/bungalowparkdekreek.nl\/de\/wp-json\/wp\/v2\/pages\/181"}],"wp:attachment":[{"href":"https:\/\/bungalowparkdekreek.nl\/de\/wp-json\/wp\/v2\/media?parent=189"}],"curies":[{"name":"wp","href":"https:\/\/api.w.org\/{rel}","templated":true}]}}