{"id":186,"date":"2014-06-20T08:35:10","date_gmt":"2014-06-20T06:35:10","guid":{"rendered":"http:\/\/bungalowparkdekreek.nl\/dev\/?page_id=186"},"modified":"2022-07-19T09:30:07","modified_gmt":"2022-07-19T07:30:07","slug":"186-2","status":"publish","type":"page","link":"https:\/\/bungalowparkdekreek.nl\/de\/bungalows\/186-2\/","title":{"rendered":"Konijnenberg 60"},"content":{"rendered":"<h2>Information \u00fcber die Einteilung des Bungalows:<\/h2>\n<p>Auf dem Grundst\u00fcck befindet sich eine Terrasse, ein Gartenh\u00e4uschen. Gartenm\u00f6bel sind vorhanden. Erdgeschoss: Wohnzimmer mit offener K\u00fcche (mit Backofen), Badezimmer mit Dusche und Toilette sowie ein Schlafzimmer mit 2 Einzelbetten. Auf der 1. Etage befindet sich das 2.Schlafzimmer mit 2 Einzelbetten. In einer kleinen Kammer ist eine Waschmaschine vorhanden.<\/p>\n<p>Der Bungalow ist bewohnbar mit 4 Personen.<\/p>\n<p>Die Wohnfl\u00e4che betr\u00e4gt 55m2<\/p>\n<p><a class=\"btn\" title=\"Plattegrond Bungalowpark de Kreek\" href=\"http:\/\/bungalowparkdekreek.nl\/wp-content\/uploads\/2020\/10\/Plattegrond-De-Kreek-konijnenberg-36-2020.pdf\" target=\"_blank\" rel=\"noopener noreferrer\">Download \/ print plattegrond met route (.PDF)&nbsp;<\/a><\/p>\n<h2><\/h2>\n","protected":false},"excerpt":{"rendered":"<p>Information \u00fcber die Einteilung des Bungalows: Auf dem Grundst\u00fcck befindet sich eine Terrasse, ein Gartenh\u00e4uschen. Gartenm\u00f6bel sind vorhanden. Erdgeschoss: Wohnzimmer mit offener K\u00fcche (mit Backofen), Badezimmer mit Dusche und Toilette sowie ein Schlafzimmer mit 2 Einzelbetten. Auf der 1. Etage befindet sich das 2.Schlafzimmer mit 2 Einzelbetten. In einer kleinen Kammer ist eine Waschmaschine vorhanden. [&hellip;]<\/p>\n","protected":false},"author":2,"featured_media":0,"parent":181,"menu_order":0,"comment_status":"closed","ping_status":"closed","template":"","meta":{"_monsterinsights_skip_tracking":false,"_monsterinsights_sitenote_active":false,"_monsterinsights_sitenote_note":"","_monsterinsights_sitenote_category":0},"_links":{"self":[{"href":"https:\/\/bungalowparkdekreek.nl\/de\/wp-json\/wp\/v2\/pages\/186"}],"collection":[{"href":"https:\/\/bungalowparkdekreek.nl\/de\/wp-json\/wp\/v2\/pages"}],"about":[{"href":"https:\/\/bungalowparkdekreek.nl\/de\/wp-json\/wp\/v2\/types\/page"}],"author":[{"embeddable":true,"href":"https:\/\/bungalowparkdekreek.nl\/de\/wp-json\/wp\/v2\/users\/2"}],"replies":[{"embeddable":true,"href":"https:\/\/bungalowparkdekreek.nl\/de\/wp-json\/wp\/v2\/comments?post=186"}],"version-history":[{"count":12,"href":"https:\/\/bungalowparkdekreek.nl\/de\/wp-json\/wp\/v2\/pages\/186\/revisions"}],"predecessor-version":[{"id":747,"href":"https:\/\/bungalowparkdekreek.nl\/de\/wp-json\/wp\/v2\/pages\/186\/revisions\/747"}],"up":[{"embeddable":true,"href":"https:\/\/bungalowparkdekreek.nl\/de\/wp-json\/wp\/v2\/pages\/181"}],"wp:attachment":[{"href":"https:\/\/bungalowparkdekreek.nl\/de\/wp-json\/wp\/v2\/media?parent=186"}],"curies":[{"name":"wp","href":"https:\/\/api.w.org\/{rel}","templated":true}]}}