{"id":179,"date":"2014-06-20T08:29:18","date_gmt":"2014-06-20T06:29:18","guid":{"rendered":"http:\/\/bungalowparkdekreek.nl\/dev\/?page_id=179"},"modified":"2022-08-30T00:50:32","modified_gmt":"2022-08-29T22:50:32","slug":"home-2","status":"publish","type":"page","link":"https:\/\/bungalowparkdekreek.nl\/de\/","title":{"rendered":"Home"},"content":{"rendered":"<h1>Bungalowpark \u2018De Kreek\u2019<\/h1>\n<h2>Miete ein Ferienh\u00e4uschen in Bruinisse, Zeeland<\/h2>\n<p>Feriensiedlung De Kreek befindet sich im Fischerdorf Bruinisse in der Provinz Zeeland. Hier stehen private Ferienh\u00e4user in einer grossfl\u00e4chigen Anlage. Die grosse Gr\u00fcnanlage, die sich zentral im Ferienpark befindet,\u00a0ist sehr gepflegt und l\u00e4dt zum Spielen und Verweilen ein.\u00a0 Hier sind auch Spielger\u00e4te f\u00fcr Kinder und hier kann Fussball u.a. gespielt werden.<\/p>\n<p>Das Zentrum ist\u00a0 in ca. 3 Minuten zu Fuss zu erreichen. Im Zentrum befindet sich ein Restaurant (Schwimmbad, Squash, minigolf und Tennisanlage gegen Bezahlung), Fahrradverleih, Bowling, Grand Caf\u00e8, Snackbar und Supermarkt. Am Grevelingenmehr ist ein kleinen Sandstrand 8 min. Zu Fuss. Nordseestrand 20 min. mit dem Auto entfernt.<\/p>\n","protected":false},"excerpt":{"rendered":"<p>Bungalowpark \u2018De Kreek\u2019 Miete ein Ferienh\u00e4uschen in Bruinisse, Zeeland Feriensiedlung De Kreek befindet sich im Fischerdorf Bruinisse in der Provinz Zeeland. Hier stehen private Ferienh\u00e4user in einer grossfl\u00e4chigen Anlage. Die grosse Gr\u00fcnanlage, die sich zentral im Ferienpark befindet,\u00a0ist sehr gepflegt und l\u00e4dt zum Spielen und Verweilen ein.\u00a0 Hier sind auch Spielger\u00e4te f\u00fcr Kinder und hier [&hellip;]<\/p>\n","protected":false},"author":2,"featured_media":0,"parent":0,"menu_order":0,"comment_status":"open","ping_status":"closed","template":"template\/home.template.php","meta":{"_monsterinsights_skip_tracking":false,"_monsterinsights_sitenote_active":false,"_monsterinsights_sitenote_note":"","_monsterinsights_sitenote_category":0},"_links":{"self":[{"href":"https:\/\/bungalowparkdekreek.nl\/de\/wp-json\/wp\/v2\/pages\/179"}],"collection":[{"href":"https:\/\/bungalowparkdekreek.nl\/de\/wp-json\/wp\/v2\/pages"}],"about":[{"href":"https:\/\/bungalowparkdekreek.nl\/de\/wp-json\/wp\/v2\/types\/page"}],"author":[{"embeddable":true,"href":"https:\/\/bungalowparkdekreek.nl\/de\/wp-json\/wp\/v2\/users\/2"}],"replies":[{"embeddable":true,"href":"https:\/\/bungalowparkdekreek.nl\/de\/wp-json\/wp\/v2\/comments?post=179"}],"version-history":[{"count":6,"href":"https:\/\/bungalowparkdekreek.nl\/de\/wp-json\/wp\/v2\/pages\/179\/revisions"}],"predecessor-version":[{"id":752,"href":"https:\/\/bungalowparkdekreek.nl\/de\/wp-json\/wp\/v2\/pages\/179\/revisions\/752"}],"wp:attachment":[{"href":"https:\/\/bungalowparkdekreek.nl\/de\/wp-json\/wp\/v2\/media?parent=179"}],"curies":[{"name":"wp","href":"https:\/\/api.w.org\/{rel}","templated":true}]}}