{"id":177,"date":"2014-06-20T08:28:48","date_gmt":"2014-06-20T06:28:48","guid":{"rendered":"http:\/\/bungalowparkdekreek.nl\/dev\/?page_id=177"},"modified":"2023-06-21T17:16:00","modified_gmt":"2023-06-21T15:16:00","slug":"der-park","status":"publish","type":"page","link":"https:\/\/bungalowparkdekreek.nl\/de\/der-park\/","title":{"rendered":"der Park"},"content":{"rendered":"<p>Der Park besteht aus Reihenh\u00e4uschen rund um eine grosse Wiese bzw. Bolzplatz mit mehreren Spielger\u00e4ten. Es ist ein sehr kinderfreundlicher Park in einer ruhigen nat\u00fcrlichen Umgebung. Innerhalb einiger Minuten ist man im Zentrum mit vielen Angeboten f\u00fcr die Urlauber, wie z.B.<\/p>\n<ul>\n<li>Restaurant \/ Grand Caf\u00e9<\/li>\n<li>Schwimmbad<\/li>\n<li>Squashbahnen<\/li>\n<li>Tennisbahnen<\/li>\n<li>Fahrradverleih<\/li>\n<li>Minigolfbahn<\/li>\n<li>Bowlingbahn<\/li>\n<li>Snackbar<\/li>\n<li>Indoor Spielhalle<\/li>\n<li>Supermarkt<\/li>\n<li>Hupfburg<\/li>\n<\/ul>\n<h2>Foto&#8217;s vom park:<\/h2>\n\n\t\t<style type=\"text\/css\">\n\t\t\t#gallery-1 {\n\t\t\t\tmargin: auto;\n\t\t\t}\n\t\t\t#gallery-1 .gallery-item {\n\t\t\t\tfloat: left;\n\t\t\t\tmargin-top: 10px;\n\t\t\t\ttext-align: center;\n\t\t\t\twidth: 33%;\n\t\t\t}\n\t\t\t#gallery-1 img {\n\t\t\t\tborder: 2px solid #cfcfcf;\n\t\t\t}\n\t\t\t#gallery-1 .gallery-caption {\n\t\t\t\tmargin-left: 0;\n\t\t\t}\n\t\t\t\/* see gallery_shortcode() in wp-includes\/media.php *\/\n\t\t<\/style>\n\t\t<div id='gallery-1' class='gallery galleryid-177 gallery-columns-3 gallery-size-thumbnail'><dl class='gallery-item'>\n\t\t\t<dt class='gallery-icon landscape'>\n\t\t\t\t<a href='https:\/\/bungalowparkdekreek.nl\/wp-content\/uploads\/2014\/06\/foto.jpg'><img width=\"150\" height=\"150\" src=\"https:\/\/bungalowparkdekreek.nl\/wp-content\/uploads\/2014\/06\/foto-150x150.jpg\" class=\"attachment-thumbnail size-thumbnail\" alt=\"Ingang van Bungalowpark de Kreek\" loading=\"lazy\" \/><\/a>\n\t\t\t<\/dt><\/dl><dl class='gallery-item'>\n\t\t\t<dt class='gallery-icon landscape'>\n\t\t\t\t<a href='https:\/\/bungalowparkdekreek.nl\/wp-content\/uploads\/2023\/06\/IMG_2245-scaled.jpg'><img width=\"150\" height=\"150\" src=\"https:\/\/bungalowparkdekreek.nl\/wp-content\/uploads\/2023\/06\/IMG_2245-150x150.jpg\" class=\"attachment-thumbnail size-thumbnail\" alt=\"\" loading=\"lazy\" \/><\/a>\n\t\t\t<\/dt><\/dl><dl class='gallery-item'>\n\t\t\t<dt class='gallery-icon landscape'>\n\t\t\t\t<a href='https:\/\/bungalowparkdekreek.nl\/wp-content\/uploads\/2023\/06\/IMG_2197-scaled.jpg'><img width=\"150\" height=\"150\" src=\"https:\/\/bungalowparkdekreek.nl\/wp-content\/uploads\/2023\/06\/IMG_2197-150x150.jpg\" class=\"attachment-thumbnail size-thumbnail\" alt=\"\" loading=\"lazy\" \/><\/a>\n\t\t\t<\/dt><\/dl><br style=\"clear: both\" \/><dl class='gallery-item'>\n\t\t\t<dt class='gallery-icon landscape'>\n\t\t\t\t<a href='https:\/\/bungalowparkdekreek.nl\/wp-content\/uploads\/2023\/06\/IMG_2142-scaled.jpg'><img width=\"150\" height=\"150\" src=\"https:\/\/bungalowparkdekreek.nl\/wp-content\/uploads\/2023\/06\/IMG_2142-150x150.jpg\" class=\"attachment-thumbnail size-thumbnail\" alt=\"\" loading=\"lazy\" \/><\/a>\n\t\t\t<\/dt><\/dl><dl class='gallery-item'>\n\t\t\t<dt class='gallery-icon landscape'>\n\t\t\t\t<a href='https:\/\/bungalowparkdekreek.nl\/wp-content\/uploads\/2023\/06\/IMG_2211-scaled.jpg'><img width=\"150\" height=\"150\" src=\"https:\/\/bungalowparkdekreek.nl\/wp-content\/uploads\/2023\/06\/IMG_2211-150x150.jpg\" class=\"attachment-thumbnail size-thumbnail\" alt=\"\" loading=\"lazy\" \/><\/a>\n\t\t\t<\/dt><\/dl><dl class='gallery-item'>\n\t\t\t<dt class='gallery-icon landscape'>\n\t\t\t\t<a href='https:\/\/bungalowparkdekreek.nl\/wp-content\/uploads\/2023\/06\/IMG_2224-scaled.jpg'><img width=\"150\" height=\"150\" src=\"https:\/\/bungalowparkdekreek.nl\/wp-content\/uploads\/2023\/06\/IMG_2224-150x150.jpg\" class=\"attachment-thumbnail size-thumbnail\" alt=\"\" loading=\"lazy\" \/><\/a>\n\t\t\t<\/dt><\/dl><br style=\"clear: both\" \/><dl class='gallery-item'>\n\t\t\t<dt class='gallery-icon landscape'>\n\t\t\t\t<a href='https:\/\/bungalowparkdekreek.nl\/wp-content\/uploads\/2023\/06\/IMG_2117-1-scaled.jpg'><img width=\"150\" height=\"150\" src=\"https:\/\/bungalowparkdekreek.nl\/wp-content\/uploads\/2023\/06\/IMG_2117-1-150x150.jpg\" class=\"attachment-thumbnail size-thumbnail\" alt=\"\" loading=\"lazy\" \/><\/a>\n\t\t\t<\/dt><\/dl><dl class='gallery-item'>\n\t\t\t<dt class='gallery-icon landscape'>\n\t\t\t\t<a href='https:\/\/bungalowparkdekreek.nl\/wp-content\/uploads\/2023\/06\/IMG_2180-scaled.jpg'><img width=\"150\" height=\"150\" src=\"https:\/\/bungalowparkdekreek.nl\/wp-content\/uploads\/2023\/06\/IMG_2180-150x150.jpg\" class=\"attachment-thumbnail size-thumbnail\" alt=\"\" loading=\"lazy\" \/><\/a>\n\t\t\t<\/dt><\/dl><dl class='gallery-item'>\n\t\t\t<dt class='gallery-icon landscape'>\n\t\t\t\t<a href='https:\/\/bungalowparkdekreek.nl\/wp-content\/uploads\/2023\/06\/IMG_2154-scaled.jpg'><img width=\"150\" height=\"150\" src=\"https:\/\/bungalowparkdekreek.nl\/wp-content\/uploads\/2023\/06\/IMG_2154-150x150.jpg\" class=\"attachment-thumbnail size-thumbnail\" alt=\"\" loading=\"lazy\" \/><\/a>\n\t\t\t<\/dt><\/dl><br style=\"clear: both\" \/><dl class='gallery-item'>\n\t\t\t<dt class='gallery-icon landscape'>\n\t\t\t\t<a href='https:\/\/bungalowparkdekreek.nl\/wp-content\/uploads\/2023\/06\/IMG_2214-scaled.jpg'><img width=\"150\" height=\"150\" src=\"https:\/\/bungalowparkdekreek.nl\/wp-content\/uploads\/2023\/06\/IMG_2214-150x150.jpg\" class=\"attachment-thumbnail size-thumbnail\" alt=\"\" loading=\"lazy\" \/><\/a>\n\t\t\t<\/dt><\/dl><dl class='gallery-item'>\n\t\t\t<dt class='gallery-icon landscape'>\n\t\t\t\t<a href='https:\/\/bungalowparkdekreek.nl\/wp-content\/uploads\/2023\/06\/IMG_2189-scaled.jpg'><img width=\"150\" height=\"150\" src=\"https:\/\/bungalowparkdekreek.nl\/wp-content\/uploads\/2023\/06\/IMG_2189-150x150.jpg\" class=\"attachment-thumbnail size-thumbnail\" alt=\"\" loading=\"lazy\" \/><\/a>\n\t\t\t<\/dt><\/dl><dl class='gallery-item'>\n\t\t\t<dt class='gallery-icon landscape'>\n\t\t\t\t<a href='https:\/\/bungalowparkdekreek.nl\/wp-content\/uploads\/2023\/06\/IMG_2186-scaled.jpg'><img width=\"150\" height=\"150\" src=\"https:\/\/bungalowparkdekreek.nl\/wp-content\/uploads\/2023\/06\/IMG_2186-150x150.jpg\" class=\"attachment-thumbnail size-thumbnail\" alt=\"\" loading=\"lazy\" \/><\/a>\n\t\t\t<\/dt><\/dl><br style=\"clear: both\" \/><dl class='gallery-item'>\n\t\t\t<dt class='gallery-icon landscape'>\n\t\t\t\t<a href='https:\/\/bungalowparkdekreek.nl\/wp-content\/uploads\/2023\/06\/IMG_2247-scaled.jpg'><img width=\"150\" height=\"150\" src=\"https:\/\/bungalowparkdekreek.nl\/wp-content\/uploads\/2023\/06\/IMG_2247-150x150.jpg\" class=\"attachment-thumbnail size-thumbnail\" alt=\"\" loading=\"lazy\" \/><\/a>\n\t\t\t<\/dt><\/dl><dl class='gallery-item'>\n\t\t\t<dt class='gallery-icon landscape'>\n\t\t\t\t<a href='https:\/\/bungalowparkdekreek.nl\/wp-content\/uploads\/2023\/06\/IMG_2129-scaled.jpg'><img width=\"150\" height=\"150\" src=\"https:\/\/bungalowparkdekreek.nl\/wp-content\/uploads\/2023\/06\/IMG_2129-150x150.jpg\" class=\"attachment-thumbnail size-thumbnail\" alt=\"\" loading=\"lazy\" \/><\/a>\n\t\t\t<\/dt><\/dl><dl class='gallery-item'>\n\t\t\t<dt class='gallery-icon landscape'>\n\t\t\t\t<a href='https:\/\/bungalowparkdekreek.nl\/wp-content\/uploads\/2023\/06\/IMG_2124-scaled.jpg'><img width=\"150\" height=\"150\" src=\"https:\/\/bungalowparkdekreek.nl\/wp-content\/uploads\/2023\/06\/IMG_2124-150x150.jpg\" class=\"attachment-thumbnail size-thumbnail\" alt=\"\" loading=\"lazy\" \/><\/a>\n\t\t\t<\/dt><\/dl><br style=\"clear: both\" \/><dl class='gallery-item'>\n\t\t\t<dt class='gallery-icon landscape'>\n\t\t\t\t<a href='https:\/\/bungalowparkdekreek.nl\/wp-content\/uploads\/2023\/06\/IMG_2231-scaled.jpg'><img width=\"150\" height=\"150\" src=\"https:\/\/bungalowparkdekreek.nl\/wp-content\/uploads\/2023\/06\/IMG_2231-150x150.jpg\" class=\"attachment-thumbnail size-thumbnail\" alt=\"\" loading=\"lazy\" \/><\/a>\n\t\t\t<\/dt><\/dl>\n\t\t\t<br style='clear: both' \/>\n\t\t<\/div>\n\n","protected":false},"excerpt":{"rendered":"<p>Der Park besteht aus Reihenh\u00e4uschen rund um eine grosse Wiese bzw. Bolzplatz mit mehreren Spielger\u00e4ten. Es ist ein sehr kinderfreundlicher Park in einer ruhigen nat\u00fcrlichen Umgebung. Innerhalb einiger Minuten ist man im Zentrum mit vielen Angeboten f\u00fcr die Urlauber, wie z.B. Restaurant \/ Grand Caf\u00e9 Schwimmbad Squashbahnen Tennisbahnen Fahrradverleih Minigolfbahn Bowlingbahn Snackbar Indoor Spielhalle Supermarkt [&hellip;]<\/p>\n","protected":false},"author":2,"featured_media":0,"parent":0,"menu_order":0,"comment_status":"closed","ping_status":"closed","template":"","meta":{"_monsterinsights_skip_tracking":false,"_monsterinsights_sitenote_active":false,"_monsterinsights_sitenote_note":"","_monsterinsights_sitenote_category":0},"_links":{"self":[{"href":"https:\/\/bungalowparkdekreek.nl\/de\/wp-json\/wp\/v2\/pages\/177"}],"collection":[{"href":"https:\/\/bungalowparkdekreek.nl\/de\/wp-json\/wp\/v2\/pages"}],"about":[{"href":"https:\/\/bungalowparkdekreek.nl\/de\/wp-json\/wp\/v2\/types\/page"}],"author":[{"embeddable":true,"href":"https:\/\/bungalowparkdekreek.nl\/de\/wp-json\/wp\/v2\/users\/2"}],"replies":[{"embeddable":true,"href":"https:\/\/bungalowparkdekreek.nl\/de\/wp-json\/wp\/v2\/comments?post=177"}],"version-history":[{"count":6,"href":"https:\/\/bungalowparkdekreek.nl\/de\/wp-json\/wp\/v2\/pages\/177\/revisions"}],"predecessor-version":[{"id":785,"href":"https:\/\/bungalowparkdekreek.nl\/de\/wp-json\/wp\/v2\/pages\/177\/revisions\/785"}],"wp:attachment":[{"href":"https:\/\/bungalowparkdekreek.nl\/de\/wp-json\/wp\/v2\/media?parent=177"}],"curies":[{"name":"wp","href":"https:\/\/api.w.org\/{rel}","templated":true}]}}